{"id":2517,"date":"2025-05-05T09:26:30","date_gmt":"2025-05-05T09:26:30","guid":{"rendered":"https:\/\/amonnprint.com\/privacy-policy\/"},"modified":"2025-08-20T15:03:57","modified_gmt":"2025-08-20T15:03:57","slug":"privacy-policy","status":"publish","type":"page","link":"https:\/\/amonnprint.com\/de\/privacy-policy\/","title":{"rendered":"Privacy Policy"},"content":{"rendered":"[vc_row type=&#8220;in_container&#8220; full_screen_row_position=&#8220;middle&#8220; column_margin=&#8220;default&#8220; column_direction=&#8220;default&#8220; column_direction_tablet=&#8220;default&#8220; column_direction_phone=&#8220;default&#8220; scene_position=&#8220;center&#8220; top_padding=&#8220;7%&#8220; constrain_group_1=&#8220;yes&#8220; bottom_padding=&#8220;7%&#8220; text_color=&#8220;dark&#8220; text_align=&#8220;left&#8220; row_border_radius=&#8220;none&#8220; row_border_radius_applies=&#8220;bg&#8220; overflow=&#8220;visible&#8220; overlay_strength=&#8220;0.3&#8243; gradient_direction=&#8220;left_to_right&#8220; shape_divider_position=&#8220;bottom&#8220; bg_image_animation=&#8220;none&#8220; gradient_type=&#8220;default&#8220; shape_type=&#8220;&#8220;][vc_column column_padding=&#8220;no-extra-padding&#8220; column_padding_tablet=&#8220;inherit&#8220; column_padding_phone=&#8220;inherit&#8220; column_padding_position=&#8220;all&#8220; column_element_direction_desktop=&#8220;default&#8220; column_element_spacing=&#8220;default&#8220; desktop_text_alignment=&#8220;default&#8220; tablet_text_alignment=&#8220;default&#8220; phone_text_alignment=&#8220;default&#8220; background_color_opacity=&#8220;1&#8243; background_hover_color_opacity=&#8220;1&#8243; column_backdrop_filter=&#8220;none&#8220; column_shadow=&#8220;none&#8220; column_border_radius=&#8220;none&#8220; column_link_target=&#8220;_self&#8220; column_position=&#8220;default&#8220; gradient_direction=&#8220;left_to_right&#8220; overlay_strength=&#8220;0.3&#8243; width=&#8220;1\/1&#8243; tablet_width_inherit=&#8220;default&#8220; animation_type=&#8220;default&#8220; bg_image_animation=&#8220;none&#8220; border_type=&#8220;simple&#8220; column_border_width=&#8220;none&#8220; column_border_style=&#8220;solid&#8220;][vc_column_text css=&#8220;&#8220; text_direction=&#8220;default&#8220;]\n<div class=\"row_col_wrap_12 col span_12 dark left\">\n<div class=\"vc_col-sm-12 wpb_column column_container vc_column_container col no-extra-padding inherit_tablet inherit_phone \" data-padding-pos=\"all\" data-has-bg-color=\"false\" data-bg-color=\"\" data-bg-opacity=\"1\" data-animation=\"\" data-delay=\"0\">\n<div class=\"vc_column-inner\">\n<div class=\"wpb_wrapper\">\n<div class=\"wpb_text_column wpb_content_element \">\n<div class=\"wpb_wrapper\">\n<p><strong>DATENSCHUTZBESTIMMUNGEN DER WEBSITE<\/strong><\/p>\n<p>&nbsp;<\/p>\n<p>Sehr geehrte Nutzer, gem\u00e4\u00df Artikel 12 ff. der Verordnung (EU) 2016\/679 des Europ\u00e4ischen Parlaments und des Rates vom 27. April 2016 (Datenschutz-Grundverordnung, General Data Protection Regulation, \u201eVerordnung\u201c oder \u201eGDPR\u201c) und im Allgemeinen in \u00dcbereinstimmung mit dem in der Verordnung selbst festgelegten Grundsatz der Transparenz geben wir hiermit die folgenden Informationen \u00fcber die Verarbeitung personenbezogener Daten (d.h. alle Informationen, die sich auf eine identifizierte oder identifizierbare nat\u00fcrliche Person beziehen: \u201ebetroffene Person\u201c), die im Zusammenhang mit der Navigation auf der Website www.amonnprint.com\u00a0 und die damit verbundene Interaktion seitens des Nutzers (<strong>bitte beachten Sie, dass diese Informationen daher nicht f\u00fcr andere Websites gelten, die der Nutzer \u00fcber Links auf der Site besuchen kann<\/strong>).<\/p>\n<p><strong>\u00a0<\/strong><\/p>\n<ol>\n<li><strong>VERANTWORTLICHER DER DATENVERARBEIUNG<\/strong><\/li>\n<\/ol>\n<p>Der Verantwortliche der Datenverarbeitung (d.h., die Person, die den Zweck und die Mittel zur Verarbeitung personenbezogener Daten festlegt) ist\u00a0<strong>J.F. Amonn \u00a0GmbH\u00a0<\/strong>mit Sitz in Altmannstrasse 12, 39100, Bozen, Tel +39 0437 984 11, e-mail:\u00a0<a href=\"mailto:info@amonn1802.com\"><strong>info@amonn1802.com<\/strong><\/a>\u00a0\u00a0\u00a0F\u00fcr Kontakte, die speziell den Schutz personenbezogener Daten betreffen, geben wir insbesondere die E-Mail-Adresse\u00a0<a href=\"mailto:info@amonn1802.com\"><strong>info@amonn1802.com<\/strong><\/a>\u00a0\u00a0an, an die Sie Ihre Anfragen richten k\u00f6nnen.<\/p>\n<p>&nbsp;<\/p>\n<ol start=\"2\">\n<li><strong>NAVIGATIONSDATEN DES NUTZERS<\/strong><\/li>\n<\/ol>\n<p>Die dem Betrieb dieser Website dienenden Computersysteme und Programme erlangen einige personenbezogene Daten, deren \u00dcbermittlung implizit mit der Nutzung der Internetkommunikationsprotokolle verbunden ist (z. B. IP-Adressen oder Domain-Namen der Computer, die von den die Website besuchenden Nutzern verwendet werden; die mit der Zeichenfolge URI \u2013 Uniform Resource Identifier \u2013 ausgedr\u00fcckten Adressen der angeforderten Ressourcen; die Uhrzeit der Anfrage; die f\u00fcr die Anfrage beim Server verwendete Methode; die Gr\u00f6\u00dfe der Dateien, mit denen die Anfrage beantwortet wird; der Nummernkode, der den Status der vom Server erteilten Antwort \u2013 positive Antwort, Fehler etc. \u2013 bezeichnet; weitere Parameter des Betriebssystems und der Computer-Umgebung des Nutzers). Diese Informationen werden nicht erhoben, um mit identifizierten betroffenen Personen verkn\u00fcpft zu werden, doch sie k\u00f6nnen es aufgrund ihrer Natur erm\u00f6glichen, die Nutzer \u00fcber Verarbeitungsschritte und die Verkn\u00fcpfung mit im Besitz Dritter befindlicher Daten zu identifizieren.<\/p>\n<p>Diese Daten werden nur verwendet, um statistische Informationen zur Nutzung der Website zu erhalten, die nicht mit Daten, die den Nutzer identifizieren, verkn\u00fcpft sind, und um das einwandfreie Funktionieren der Website zu \u00fcberwachen; sie werden nach ihrer Verarbeitung unverz\u00fcglich gel\u00f6scht.<\/p>\n<p>Die Daten k\u00f6nnen im Falle von m\u00f6glicherweise zu Lasten der Website begangenen Computerstraftaten f\u00fcr die Ermittlung der Verantwortlichkeit herangezogen werden.<\/p>\n<p>Die Rechtsgrundlage f\u00fcr die Verarbeitung besteht somit im berechtigten Interesse am einwandfreien Funktionieren und an der Sicherheit der Website.<\/p>\n<ol start=\"3\">\n<li><strong>COOKIES<\/strong><\/li>\n<\/ol>\n<p>Die Website verwendet Cookies, f\u00fcr die auf die entsprechenden Informationen verwiesen wird. [Link].<\/p>\n<p><strong>\u00a0<\/strong><\/p>\n<ol start=\"4\">\n<li><strong>DATEN, DIE DER NUTZER FREIWILLIG \u00dcBER DIE WEBSITE IM RAHMEN VON KONTAKTEN MIT DEM VERANTWORTLICHEN ZUR VERF\u00dcGUNG STELLT<\/strong><\/li>\n<\/ol>\n<p>Um die Website zu besuchen, muss der Nutzer keine pers\u00f6nlichen Daten angeben. Die Kontaktaufnahme mit dem Verantwortlichen oder die fakultative, ausdr\u00fcckliche und spontane \u00dcbermittlung von Nachrichten auf elektronischem oder herk\u00f6mmlichem Wege an die auf der Website angegebenen Adressen des Verantwortlichen, auch im Abschnitt \u201e<strong>KONTAKTE<\/strong>\u201c, \u00a0hat jedoch zur Folge, dass die Adresse, einschlie\u00dflich der E-Mail-Adresse, Telefonnummer (bei Kontaktaufnahme \u00fcber Whatsapp) des Absenders, die f\u00fcr die Beantwortung der Anfragen erforderlich ist, sowie alle anderen in den entsprechenden Mitteilungen enthaltenen personenbezogenen Daten erfasst werden. Solche Daten werden ausschlie\u00dflich zur Beantwortung der Anfrage des Nutzers verwendet und d\u00fcrfen nur dann an Dritte weitergegeben werden, wenn dies zu diesem Zweck erforderlich ist.<\/p>\n<p>Die Verarbeitung von Daten zu diesen Zwecken bedarf nicht der Einwilligung der betroffenen Person, da die Verarbeitung f\u00fcr die Erf\u00fcllung eines Vertrags, dessen Vertragspartei sie ist, oder f\u00fcr die Durchf\u00fchrung vorvertraglicher Ma\u00dfnahmen, die auf ihren Antrag hin erfolgen, erforderlich ist (Art. 6 Absatz 1 Buchstabe b der Verordnung), sowie gegebenenfalls zur Erf\u00fcllung einer rechtlichen Verpflichtung (Art. 6 Absatz 1 Buchstabe a der Verordnung).<\/p>\n<p>Wenn die betroffene Person jedoch mit einer juristischen Person zusammenf\u00e4llt, stimmt diese mit dem Absenden der Kontaktanfrage der Verarbeitung zus\u00e4tzlicher Daten (wie Beruf und Adresse) zur Speicherung dieser Daten als potentieller Kunde und der m\u00f6glichen Zusendung von Mitteilungen, die seinem Beruf und seinem geographischen T\u00e4tigkeitsbereich gewidmet sind, zu.<\/p>\n<p>Die personenbezogenen Daten werden von dem vom Verantwortlichen beauftragten und befugten Personal unter Verwendung von Verfahren, technischen und informationstechnischen Hilfsmitteln verarbeitet, die geeignet sind, die Vertraulichkeit und Sicherheit der Daten zu gew\u00e4hrleisten.<\/p>\n<p>Solche personenbezogenen Daten werden unbeschadet weiterer gesetzlicher Aufbewahrungspflichten so lange aufbewahrt, wie es unbedingt erforderlich ist, um der betroffenen Person Antworten auf die gestellten Antr\u00e4ge zu geben.<\/p>\n<p>Personenbezogene Daten werden nicht offengelegt.<\/p>\n<p>&nbsp;<\/p>\n<ol start=\"5\">\n<li><strong>NEWSLETTER<\/strong><\/li>\n<\/ol>\n<p>Der Nutzer kann, wenn er dies w\u00fcnscht, \u00fcber den entsprechenden Bereich der Website unseren Newsletter abonnieren, indem er seine E-Mail-Adresse angibt, um regelm\u00e4\u00dfig Informationen \u00fcber die Produkte und Dienstleistungen des Unternehmens zu erhalten; in diesem Fall erfolgt die Verarbeitung der personenbezogenen Daten zu diesem Zweck auf der Grundlage der Einwilligung des Betroffenen, die er jederzeit widerrufen kann. Bitte beachten Sie, dass die Einwilligung (mit dem Recht, sie zu widerrufen) auch bei juristischen Personen eine notwendige Rechtsgrundlage ist. Die Daten werden zu diesem Zweck verarbeitet, bis die Einwilligung widerrufen wird (Abmeldung vom Newsletter), sp\u00e4testens jedoch 48 Monate nach Erteilung oder Erneuerung der Einwilligung.<\/p>\n<p>&nbsp;<\/p>\n<ol start=\"6\">\n<li><strong>LOGIN-BEREICH<\/strong><\/li>\n<\/ol>\n<p>Registrierung im reservierten Bereich mit Erfassung der Kontaktdaten f\u00fcr den Zugang zu den reservierten Bereichen der Website. Die Verarbeitung der Daten dauert so lange, wie die Registrierung im reservierten Bereich andauert, mit Ausnahme der Notwendigkeit, sich gegen Missbrauch zu sch\u00fctzen.<\/p>\n<p>&nbsp;<\/p>\n<ol start=\"7\">\n<li><strong>E-COMMERCE-BEREICH<\/strong><\/li>\n<\/ol>\n<p>Wenn er es w\u00fcnscht, kann der Nutzer auf den Bereich Abonnement\/Einkauf zugreifen, nachdem er die erforderlichen pers\u00f6nlichen Daten eingegeben und den Vertrag unterzeichnet hat.<\/p>\n<p>Wenn Sie sich auf der Website registrieren, k\u00f6nnen Sie \u00fcber den Bereich e-SHOP Produkte kaufen.<\/p>\n<p>In diesem Fall sind Gegenstand der Verarbeitung die folgenden Daten, die alle zur Kategorie der allgemeinen Daten geh\u00f6ren:<\/p>\n<p>\u2013 Name, Vorname Geburtsdatum und -ort, Wohnort;<\/p>\n<p>\u2013 Steuernummer und\/oder MwSt.-Nummer;<\/p>\n<p>\u2013 Telefonnummer\/E-Mail-Adresse;<\/p>\n<p>\u2013 Zieladresse;<\/p>\n<p>\u2013 Beschreibung der Bestellung und des gekauften Produkts.<\/p>\n<p>Die zu verarbeitenden Daten werden entweder vom Kunden zur Verf\u00fcgung gestellt oder aus \u00f6ffentlichen Registern (z. B. CCIAA oder Standesamt) entnommen.<\/p>\n<p>Die Daten werden zu Zwecken verarbeitet, die ausschlie\u00dflich mit der Verwaltung des vorvertraglichen und des vertraglichen Verh\u00e4ltnisses zusammenh\u00e4ngen, einschlie\u00dflich administrativer, buchhalterischer und steuerlicher Formalit\u00e4ten und Erf\u00fcllungen (z. B. Beschaffung von Informationen vor dem Vertragsabschluss; Durchf\u00fchrung von T\u00e4tigkeiten auf der Grundlage von Verpflichtungen, die sich aus dem geschlossenen Vertrag ergeben) und der Verwaltung von Rechtsstreitigkeiten (vertragliche Zwecke).<\/p>\n<p>In der vorvertraglichen Phase besteht keine Verpflichtung zur \u00dcbermittlung von Daten, aber die Nichtbereitstellung macht es unm\u00f6glich, einen Kostenvoranschlag zu erstellen oder den Vertrag abzuschlie\u00dfen; nach Vertragsabschluss ist die Bereitstellung weiterer notwendiger Daten oder die Aktualisierung bereits bereitgestellter Daten f\u00fcr alle gesetzlichen und vertraglichen Verpflichtungen zwingend vorgeschrieben, so dass die vollst\u00e4ndige oder teilweise Verweigerung der Bereitstellung dieser Daten dem Verantwortlichen die Erf\u00fcllung des Vertrags unm\u00f6glich machen kann und in jedem Fall einen Vertragsbruch oder einen Gesetzesversto\u00df (wenn diese Daten f\u00fcr die Erf\u00fcllung gesetzlicher Verpflichtungen oder beh\u00f6rdlicher Vorschriften erforderlich sind) seitens des Lieferanten darstellen k\u00f6nnte. Die Rechtsgrundlage f\u00fcr die betreffende Verarbeitung ist der Umstand, dass sie erforderlich ist: f\u00fcr die Erf\u00fcllung des Vertrags, dessen Vertragspartei die betroffene Person ist, oder f\u00fcr vorvertragliche Ma\u00dfnahmen, die auf ihr Verlangen hin getroffen werden; f\u00fcr die Erf\u00fcllung einer rechtlichen Verpflichtung, der Verantwortliche unterliegt.<\/p>\n<p>Die Daten k\u00f6nnen unter den nachstehenden Bedingungen auch zu Marketingzwecken verarbeitet werden: Der Verantwortliche kann \u00fcber die im Rahmen eines fr\u00fcheren Kaufs angegebenen E-Mail-Daten Mitteilungen \u00fcber den Direktverkauf von Produkten oder Dienstleistungen \u00fcbermitteln, die den bereits bei dieser Gelegenheit erworbenen \u00e4hnlich sind, was zul\u00e4ssig ist, es sei denn, der Empf\u00e4nger lehnt eine solche Verwendung ab, sei es bei der ersten oder bei sp\u00e4teren Mitteilungen; im letzteren Fall ist die Rechtsgrundlage der Verarbeitung das berechtigte Interesse des Verantwortlichen an Marketingaktivit\u00e4ten.<\/p>\n<p>Was die vertraglichen Zwecke betrifft, so werden die Daten f\u00fcr die gesamte Dauer des Vertragsverh\u00e4ltnisses und nach dessen Beendigung \u2013 beschr\u00e4nkt auf die zu diesem Zeitpunkt erforderlichen Daten \u2013 f\u00fcr das Erl\u00f6schen der eingegangenen vertraglichen Verpflichtungen und f\u00fcr die Erf\u00fcllung aller etwaigen rechtlichen Verpflichtungen und Schutzanforderungen, einschlie\u00dflich der vertraglichen, die damit verbunden sind oder sich daraus ergeben, gespeichert. Zu Marketingzwecken kann die Verarbeitung so lange erfolgen, bis der Empf\u00e4nger widerspricht, in jedem Fall aber nicht l\u00e4nger als 36 Monate nach dem letzten Kauf.<\/p>\n<p>&nbsp;<\/p>\n<p>Die personenbezogenen Daten werden von dem vom Verantwortlichen beauftragten und befugten Personal unter Einsatz von Verfahren, technischen und informationstechnischen Hilfsmitteln verarbeitet, die geeignet sind, die Vertraulichkeit und Sicherheit der Daten zu gew\u00e4hrleisten.<\/p>\n<p>&nbsp;<\/p>\n<ol start=\"8\">\n<li><strong>KARRIEREBEREICH<\/strong><\/li>\n<\/ol>\n<p>Im Karrierebereich der Website k\u00f6nnen sich Interessierte auf m\u00f6gliche Stellen bewerben. Die Verarbeitung personenbezogener Daten erfolgt im Rahmen des Bewerbungsverfahrens, das darauf abzielt, Personen zu identifizieren, die in den Personalbestand des Unternehmens aufgenommen werden sollen, und zu bewerten, ob sie den Anforderungen des Unternehmens entsprechen, um anschlie\u00dfend mit ihnen Kontakt f\u00fcr Auswahlgespr\u00e4che aufzunehmen.<\/p>\n<p>Die folgenden Datenkategorien k\u00f6nnen f\u00fcr die Zwecke des Bewerbungsverfahrens \u00fcber die Formulare auf der entsprechenden Website verarbeitet werden:<\/p>\n<p>Vorname, Nachname, Wohnanschrift, E-Mail, Telefon, Lebenslauf, freie Informationen, die der Bewerber im Nachrichtenraum hinterlassen hat.<\/p>\n<p>Die \u00dcbermittlung der angeforderten Daten ist fakultativ, die Nichtbereitstellung dieser Daten f\u00fchrt jedoch dazu, dass die betroffene Person nicht an dem von dem Verantwortlichen durchgef\u00fchrten Personalauswahlverfahren teilnehmen kann.<\/p>\n<p>Die Verarbeitung der Daten findet ihre Rechtsgrundlage darin, dass sie notwendig ist, um die vorvertraglichen Ma\u00dfnahmen im Rahmen des Auswahlverfahrens durchzuf\u00fchren, an dem die betroffene Person durch spontane \u00dcbermittlung seiner Informationen teilnimmt.<\/p>\n<p>Bei der ersten Kontaktaufnahme werden der betroffenen Person spezifische Informationen \u00fcber die Verarbeitung von Daten im Zusammenhang mit der Personalauswahl zur Verf\u00fcgung gestellt.<\/p>\n<p>&nbsp;<\/p>\n<ol start=\"9\">\n<li><strong>MODALIT\u00c4TEN DER DATENVERARBEITUNG UND -\u00dcBERMITTLUNG AN DRITTE<\/strong><\/li>\n<\/ol>\n<p>Die Daten unterliegen nicht der Verbreitung und k\u00f6nnen an Mitarbeiter und Lieferanten des Verantwortlichen im Rahmen ihrer Aufgaben und\/oder vertraglichen Verpflichtungen in Bezug auf die Ausf\u00fchrung der vertraglichen Beziehung mit den betroffenen Personen weitergegeben werden; zu den Lieferanten des Verantwortlichen geh\u00f6ren beispielsweise Bank- und Kreditinstitute, Versicherungsgesellschaften, Rechtsberater, Softwarelieferanten und damit verbundene Hilfs-, Versand- und Lieferunternehmen sowie die Finanzverwaltung und andere Stellen, f\u00fcr die obligatorische Mitteilungen vorgesehen sind. Die Datenverarbeitung erfolgt:<\/p>\n<p>\u2013\u00a0\u00a0\u00a0\u00a0\u00a0\u00a0\u00a0\u00a0\u00a0\u00a0\u00a0\u00a0\u00a0 mittels Verwendung manueller und automatisierter Systeme;<\/p>\n<p>\u2013\u00a0\u00a0\u00a0\u00a0\u00a0\u00a0\u00a0\u00a0\u00a0\u00a0\u00a0\u00a0\u00a0 durch zur Ausf\u00fchrung dieser Aufgaben gesetzlich erm\u00e4chtigte Personen;<\/p>\n<p>\u2013\u00a0\u00a0\u00a0\u00a0\u00a0\u00a0\u00a0\u00a0\u00a0\u00a0\u00a0\u00a0\u00a0 mit Ergreifen von Ma\u00dfnahmen, die geeignet sind, die Vertraulichkeit der Daten zu gew\u00e4hrleisten und den Zugang zu diesen durch nicht erm\u00e4chtigte Dritte zu vermeiden.<\/p>\n<p>Unbeschadet der Ausf\u00fchrungen in den vorstehenden Abschnitten kann sich der Verantwortliche im Rahmen seiner T\u00e4tigkeit und zu den oben genannten Zwecken der Dienste Dritter bedienen, die entweder als eigenst\u00e4ndige Verantwortliche oder in deren Auftrag und nach deren Weisung als Auftragsverarbeiter gem\u00e4\u00df Artikel 28 der Verordnung t\u00e4tig sind. Es handelt sich um Subjekte, die dem Verantwortlichen Verarbeitungs- oder Instrumentendienste zur Verf\u00fcgung stellen.<\/p>\n<p>Im Allgemeinen kann die betroffene Person eine vollst\u00e4ndige und aktualisierte Liste der als Auftragsverarbeiter ernannten Subjekte anfordern, indem sie sich an einen der Kontaktstellen des Verantwortlichen wendet.<\/p>\n<p>Die Daten k\u00f6nnen dann von allen Personen eingesehen werden, deren Recht auf Zugang zu diesen Daten aufgrund von Rechtsvorschriften anerkannt ist.<\/p>\n<p>&nbsp;<\/p>\n<ol start=\"10\">\n<li><strong>\u00dcBERMITTLUNG VON DATEN INS AUSLAND<\/strong><\/li>\n<\/ol>\n<p>Es ist nicht beabsichtigt, personenbezogene Daten in L\u00e4nder, die nicht Mitglied der Europ\u00e4ischen Union sind, oder an internationale Organisationen zu \u00fcbermitteln. Wenn der Verantwortliche aus besonderen technischen Gr\u00fcnden Daten in Drittl\u00e4nder \u00fcbermittelt, um ein angemessenes Datenschutzniveau zu gew\u00e4hrleisten, geschieht dies unter folgenden Bedingungen: \u00dcbermittlung auf der Grundlage eines Angemessenheitsbeschlusses, \u00dcbermittlung vorbehaltlich angemessener Garantien, verbindlicher unternehmensinterner Vorschriften oder Anwendung von Ausnahmeregelungen f\u00fcr bestimmte Situationen.<\/p>\n<p>&nbsp;<\/p>\n<ol start=\"11\">\n<li><strong>RECHTE DER BETROFFENEN PERSONEN<\/strong><\/li>\n<\/ol>\n<p>Die GDPR gibt den betroffenen Personen die Aus\u00fcbung der folgenden\u00a0<strong>Rechte<\/strong>\u00a0in Bezug auf die ihnen befassenden personenbezogenen Daten (die zusammenfassende Beschreibung ist bezeichnend, f\u00fcr die vollst\u00e4ndige \u00c4u\u00dferung der Rechte, siehe die Verordnung und insbesondere den Artt. 15-22):<\/p>\n<p>-das Recht auf\u00a0<strong>Zugang<\/strong>\u00a0zu den personenbezogenen Daten (die betroffene Person ist daher berechtigt, unentgeltlich Informationen zu den im Besitz des Verantwortlichen befindlichen Daten und zur entsprechenden Verarbeitung und eine entsprechende Kopie in einem zug\u00e4nglichen Format zu erhalten);<\/p>\n<p>-das Recht auf\u00a0<strong>Berichtigung<\/strong>\u00a0der Daten (wir sorgen auf die Meldung der betroffenen Person hin f\u00fcr die Korrektur oder Erg\u00e4nzung der unrichtigen oder ungenauen bzw. aufgrund mangelnder Aktualisierung unrichtig oder ungenau gewordenen Daten);<\/p>\n<p>-das Recht auf\u00a0<strong>L\u00f6schung<\/strong>\u00a0der Daten (Recht auf Vergessenwerden) (zum Beispiel: die Daten sind f\u00fcr die Zwecke, zu denen sie erhoben oder verarbeitet wurden, nicht mehr notwendig; sie wurden in unberechtigter Weise verarbeitet; sie m\u00fcssen zur Erf\u00fcllung einer rechtlichen Pflicht gel\u00f6scht werden; die betroffene Person hat die Einwilligung zur\u00fcckgenommen, und es besteht keine andere Rechtsgrundlage f\u00fcr die Datenverarbeitung; die betroffene Person widersetzt sich der Datenverarbeitung, wenn die Voraussetzungen erf\u00fcllt sind);<\/p>\n<p>\u2013 das Recht auf\u00a0<strong>Einschr\u00e4nkung der Datenverarbeitung<\/strong>\u00a0(in bestimmten F\u00e4llen \u2013 Bestreiten der Genauigkeit der Daten w\u00e4hrend des zur Pr\u00fcfung notwendigen Zeitraums; Bestreiten der Rechtm\u00e4\u00dfigkeit der Datenverarbeitung mit Widerspruch gegen die L\u00f6schung; Notwendigkeit der Nutzung der Daten zur Wahrnehmung der Verteidigungsrechte der betroffenen Person, w\u00e4hrend die Daten f\u00fcr die Zwecke der Datenverarbeitung nicht mehr n\u00fctzlich sind; wenn gegen die Verarbeitung Widerspruch eingelegt wird, w\u00e4hrend die erforderlichen Kontrollen durchgef\u00fchrt werden \u2013 die Daten werden so gespeichert, dass sie bei Bedarf wiederhergestellt werden k\u00f6nnen, aber in der Zwischenzeit k\u00f6nnen sie von dem Verantwortlichen nicht eingesehen werden, es sei denn, dies geschieht im Zusammenhang mit der Pr\u00fcfung der G\u00fcltigkeit des von der betroffenen Person gestellten Antrags auf Einschr\u00e4nkung oder mit der Zustimmung der betroffenen Person oder zur Feststellung, Aus\u00fcbung oder Verteidigung von Rechtsanspr\u00fcchen oder zum Schutz der Rechte einer anderen nat\u00fcrlichen oder juristischen Person oder aus Gr\u00fcnden eines wichtigen \u00f6ffentlichen Interesses der Union oder eines Mitgliedstaats);<\/p>\n<p>\u2013 das Recht auf\u00a0<strong>Widerspruch<\/strong>\u00a0gegen die gesamte Datenverarbeitung oder gegen einzelne Abschnitte, die auf der Grundlage des berechtigten Interesses erfolgt, aus Gr\u00fcnden, die sich aus der besonderen Situation der betroffenen Person ergeben (und die betroffene Person kann in jedem Fall der Verarbeitung ihrer personenbezogenen Daten f\u00fcr Zwecke des Direktmarketings widersprechen, einschlie\u00dflich des Profilings, soweit es mit diesem Direktmarketing zusammenh\u00e4ngt);<\/p>\n<p>-das Recht auf\u00a0<strong>Daten\u00fcbertragbarkeit<\/strong>\u00a0(sollte die Datenverarbeitung auf Grundlage der Einwilligung oder eines Vertrages und mit automatisierten Mitteln erfolgen, erh\u00e4lt die betroffene Person auf ihre Anfrage die auf sie bezogenen Daten in einem strukturierten, g\u00e4ngigen und maschinenlesbaren Format; sie kann diese Daten an einen anderen Verantwortlichen \u00fcbermitteln, ohne durch den Verantwortlichen, dem sie die Daten zur Verf\u00fcgung gestellt hat, daran gehindert zu werden; falls es technisch machbar ist, kann sie verlangen, dass diese \u00dcbermittlung direkt vom letztgenannten Verantwortlichen vorgenommen wird);<\/p>\n<p>\u2013\u00a0<strong>Widerruf der Einwilligung<\/strong>\u00a0(erfolgt die Verarbeitung auf der Grundlage einer Einwilligung der betroffenen Person, darf diese ihre Einwilligung jederzeit widerrufen, ohne dass die Rechtm\u00e4\u00dfigkeit der vor dem Widerruf erfolgten Verarbeitung ber\u00fchrt wird);<\/p>\n<p>\u2013\u00a0<strong>Beschwerde<\/strong>\u00a0bei der Aufsichtsbeh\u00f6rde (in Italien: Garante per la Protezione dei dati personali). Die Garante per la protezione dei dati personali kann unter den auf der Website der Beh\u00f6rde \u201ewww.garanteprivacy.it\u201c angegebenen Adressen kontaktiert werden.<\/p>\n<p>&nbsp;<\/p>\n<ol start=\"12\">\n<li><strong>AUS\u00dcBUNG DER RECHTE<\/strong><\/li>\n<\/ol>\n<p>Der Garante per la protezione dei dati personali kann \u00fcber die auf der Website der Beh\u00f6rde \u201ewww.garanteprivacy.it\u201c) angegebenen Kontaktdaten kontaktiert werden. Die anderen Rechte der betroffenen Person k\u00f6nnen durch eine Anfrage an die folgende E-Mail-Adresse\u00a0<a href=\"mailto:info@amonn1802.com\"><strong>info@amonn1802.com<\/strong><\/a>\u00a0\u00a0oder an die anderen oben angegebenen Kontaktstellen des Verantwortlichen ausge\u00fcbt werden.<\/p>\n<p>&nbsp;<\/p>\n<p>Der Verantwortliche kann den Inhalt ganz oder teilweise \u00e4ndern oder aktualisieren, auch unter Ber\u00fccksichtigung etwaiger \u00c4nderungen der Rechtsvorschriften \u00fcber den Schutz personenbezogener Daten. Die betroffenen Personen werden daher aufgefordert, diese Seite regelm\u00e4\u00dfig zu konsultieren, um sich \u00fcber die Verarbeitungsverfahren zu informieren.<\/p>\n<\/div>\n<\/div>\n<\/div>\n<\/div>\n<\/div>\n<\/div>\n[\/vc_column_text][\/vc_column][\/vc_row]\n","protected":false},"excerpt":{"rendered":"<p>[vc_row type=&#8220;in_container&#8220; full_screen_row_position=&#8220;middle&#8220; column_margin=&#8220;default&#8220; column_direction=&#8220;default&#8220; column_direction_tablet=&#8220;default&#8220; column_direction_phone=&#8220;default&#8220; scene_position=&#8220;center&#8220; top_padding=&#8220;7%&#8220; constrain_group_1=&#8220;yes&#8220; bottom_padding=&#8220;7%&#8220; text_color=&#8220;dark&#8220; text_align=&#8220;left&#8220; row_border_radius=&#8220;none&#8220; row_border_radius_applies=&#8220;bg&#8220; overflow=&#8220;visible&#8220; overlay_strength=&#8220;0.3&#8243; gradient_direction=&#8220;left_to_right&#8220; shape_divider_position=&#8220;bottom&#8220; bg_image_animation=&#8220;none&#8220; gradient_type=&#8220;default&#8220; shape_type=&#8220;&#8220;][vc_column column_padding=&#8220;no-extra-padding&#8220; column_padding_tablet=&#8220;inherit&#8220; column_padding_phone=&#8220;inherit&#8220; column_padding_position=&#8220;all&#8220; column_element_direction_desktop=&#8220;default&#8220; column_element_spacing=&#8220;default&#8220; desktop_text_alignment=&#8220;default&#8220; tablet_text_alignment=&#8220;default&#8220;&#8230;<\/p>\n","protected":false},"author":1,"featured_media":0,"parent":0,"menu_order":0,"comment_status":"closed","ping_status":"closed","template":"","meta":{"inline_featured_image":false,"footnotes":""},"class_list":["post-2517","page","type-page","status-publish"],"_links":{"self":[{"href":"https:\/\/amonnprint.com\/de\/wp-json\/wp\/v2\/pages\/2517","targetHints":{"allow":["GET"]}}],"collection":[{"href":"https:\/\/amonnprint.com\/de\/wp-json\/wp\/v2\/pages"}],"about":[{"href":"https:\/\/amonnprint.com\/de\/wp-json\/wp\/v2\/types\/page"}],"author":[{"embeddable":true,"href":"https:\/\/amonnprint.com\/de\/wp-json\/wp\/v2\/users\/1"}],"replies":[{"embeddable":true,"href":"https:\/\/amonnprint.com\/de\/wp-json\/wp\/v2\/comments?post=2517"}],"version-history":[{"count":1,"href":"https:\/\/amonnprint.com\/de\/wp-json\/wp\/v2\/pages\/2517\/revisions"}],"predecessor-version":[{"id":2518,"href":"https:\/\/amonnprint.com\/de\/wp-json\/wp\/v2\/pages\/2517\/revisions\/2518"}],"wp:attachment":[{"href":"https:\/\/amonnprint.com\/de\/wp-json\/wp\/v2\/media?parent=2517"}],"curies":[{"name":"wp","href":"https:\/\/api.w.org\/{rel}","templated":true}]}}