{"id":3304,"date":"2026-05-14T07:58:45","date_gmt":"2026-05-14T07:58:45","guid":{"rendered":"https:\/\/amonnprint.com\/politica-aziendale\/"},"modified":"2026-05-14T08:00:13","modified_gmt":"2026-05-14T08:00:13","slug":"unternehmenspolitik","status":"publish","type":"page","link":"https:\/\/amonnprint.com\/de\/unternehmenspolitik\/","title":{"rendered":"Unternehmenspolitik"},"content":{"rendered":"[vc_row type=&#8220;in_container&#8220; full_screen_row_position=&#8220;middle&#8220; column_margin=&#8220;default&#8220; column_direction=&#8220;default&#8220; column_direction_tablet=&#8220;default&#8220; column_direction_phone=&#8220;default&#8220; scene_position=&#8220;center&#8220; top_padding=&#8220;7%&#8220; constrain_group_1=&#8220;yes&#8220; bottom_padding=&#8220;7%&#8220; text_color=&#8220;dark&#8220; text_align=&#8220;left&#8220; row_border_radius=&#8220;none&#8220; row_border_radius_applies=&#8220;bg&#8220; row_position_desktop=&#8220;default&#8220; row_position_tablet=&#8220;inherit&#8220; row_position_phone=&#8220;inherit&#8220; overflow=&#8220;visible&#8220; overlay_strength=&#8220;0.3&#8243; gradient_direction=&#8220;left_to_right&#8220; shape_divider_position=&#8220;bottom&#8220; bg_image_animation=&#8220;none&#8220; gradient_type=&#8220;default&#8220; shape_type=&#8220;&#8220;][vc_column column_padding=&#8220;no-extra-padding&#8220; column_padding_tablet=&#8220;inherit&#8220; column_padding_phone=&#8220;inherit&#8220; column_padding_position=&#8220;all&#8220; flex_gap_desktop=&#8220;10px&#8220; column_element_direction_desktop=&#8220;default&#8220; column_element_spacing=&#8220;default&#8220; desktop_text_alignment=&#8220;default&#8220; tablet_text_alignment=&#8220;default&#8220; phone_text_alignment=&#8220;default&#8220; background_color_opacity=&#8220;1&#8243; background_hover_color_opacity=&#8220;1&#8243; column_backdrop_filter=&#8220;none&#8220; column_shadow=&#8220;none&#8220; column_border_radius=&#8220;none&#8220; column_link_target=&#8220;_self&#8220; column_position=&#8220;default&#8220; gradient_direction=&#8220;left_to_right&#8220; overlay_strength=&#8220;0.3&#8243; width=&#8220;1\/1&#8243; tablet_width_inherit=&#8220;default&#8220; animation_type=&#8220;default&#8220; bg_image_animation=&#8220;none&#8220; border_type=&#8220;simple&#8220; column_border_width=&#8220;none&#8220; column_border_style=&#8220;solid&#8220;][vc_column_text css=&#8220;&#8220; text_direction=&#8220;default&#8220;]<strong>UNTERNEHMENSPOLITIK F\u00dcR QUALIT\u00c4T UND PRODUKTSICHERHEIT<\/strong><\/p>\n<p>Wir sind ein Unternehmen mit einer \u00fcber 200-j\u00e4hrigen Geschichte und seit mehr als 100 Jahren in der Druckindustrie t\u00e4tig.<\/p>\n<p>Im Laufe der Zeit haben wir uns auf die Entwicklung, Produktion und Vermarktung von selbstklebenden Rollenetiketten spezialisiert.<\/p>\n<p>Wir arbeiten f\u00fcr die Kosmetik-, Lebensmittel- und Chemiebranche, wobei unser Kerngesch\u00e4ft insbesondere in der Lebensmittelindustrie liegt.<\/p>\n<p>Mit einer vielseitigen Unternehmensstruktur, die Fachkr\u00e4fte mit spezifischen Kompetenzen vereint, erf\u00fcllen wir die Anforderungen unserer Kunden in Bezug auf Qualit\u00e4t, Innovation und Flexibilit\u00e4t.<\/p>\n<p><strong>Wir garantieren unseren lokalen Kunden einen pr\u00e4zisen und zeitnahen Service.<\/strong><\/p>\n<p>Zuverl\u00e4ssigkeit, technischer, grafischer und regulatorischer Support sowie die F\u00e4higkeit, ma\u00dfgeschneiderte L\u00f6sungen zu entwickeln, z\u00e4hlen zu unseren gr\u00f6\u00dften St\u00e4rken.<\/p>\n<p>Wir bieten unseren Kunden eine effiziente und flexible pers\u00f6nliche Beratung und Betreuung mit dem Ziel, P\u00fcnktlichkeit und Kundenzufriedenheit sicherzustellen, um langfristige und vertrauensvolle Beziehungen aufzubauen.<\/p>\n<p>Die Gesch\u00e4ftsleitung sieht die Notwendigkeit, gemeinsam mit dem Kunden individuell zugeschnittene L\u00f6sungen zu entwickeln, um Ergebnisse zu erzielen, die sich durch Qualit\u00e4t und Originalit\u00e4t deutlich vom Markt abheben.<\/p>\n<p>Gleichzeitig sind wir uns der Verantwortung bewusst, unsere Unternehmensmission zu verfolgen, indem wir die Erwartungen aller interessierten Parteien erf\u00fcllen, die geltenden gesetzlichen Vorschriften einhalten, Arbeitsunf\u00e4lle und Berufskrankheiten vorbeugen sowie die Qualit\u00e4t und Sicherheit unserer Produkte gew\u00e4hrleisten.<\/p>\n<p><strong>Alle Unternehmensaktivit\u00e4ten verfolgen folgende Ziele:<\/strong><\/p>\n<ul>\n<li>Kontinuierliche Verbesserung von Produkten, Prozessen und Dienstleistungen;<\/li>\n<li>Regelm\u00e4\u00dfige Bewertung von Chancen und Risiken;<\/li>\n<li>Kundenzufriedenheit sowie ein wirksames Management von Reklamationen und Kommunikation;<\/li>\n<li>Konformit\u00e4t von Produkten und Prozessen;<\/li>\n<li>Kontrolle und kontinuierliche Verbesserung des Produktionsprozesses;<\/li>\n<li>Herstellung hygienisch sicherer und gesetzeskonformer Produkte;<\/li>\n<li>Verantwortung gegen\u00fcber dem Kunden hinsichtlich der Lieferung hygienisch einwandfreier und kontaminationsfreier Produkte jeder Art;<\/li>\n<li>Definition und Umsetzung eines Eigenkontrollsystems mit angemessener Risikoanalyse;<\/li>\n<li>Definition und Umsetzung eines umfassenden \u00dcberwachungssystems durch das gesamte Personal zur Vermeidung m\u00f6glicher Kontaminationen infolge vors\u00e4tzlicher Handlungen;<\/li>\n<li>Entwicklung eines Systems zur kontinuierlichen Verbesserung der Qualit\u00e4ts- und Lebensmittelsicherheitskultur;<\/li>\n<li>Kompetenz und Qualifikation des Personals.<\/li>\n<\/ul>\n<p>Wir engagieren uns mit h\u00f6chster Priorit\u00e4t f\u00fcr Qualit\u00e4t, Produktsicherheit und Kundenzufriedenheit.<\/p>\n<p><strong>Datum: 12.09.2025<\/strong><br \/>\n<strong>Die Gesch\u00e4ftsleitung<\/strong><\/p>\n<p>Christian Bortolin[\/vc_column_text][\/vc_column][\/vc_row]\n","protected":false},"excerpt":{"rendered":"<p>[vc_row type=&#8220;in_container&#8220; full_screen_row_position=&#8220;middle&#8220; column_margin=&#8220;default&#8220; column_direction=&#8220;default&#8220; column_direction_tablet=&#8220;default&#8220; column_direction_phone=&#8220;default&#8220; scene_position=&#8220;center&#8220; top_padding=&#8220;7%&#8220; constrain_group_1=&#8220;yes&#8220; bottom_padding=&#8220;7%&#8220; text_color=&#8220;dark&#8220; text_align=&#8220;left&#8220; row_border_radius=&#8220;none&#8220; row_border_radius_applies=&#8220;bg&#8220; row_position_desktop=&#8220;default&#8220; row_position_tablet=&#8220;inherit&#8220; row_position_phone=&#8220;inherit&#8220; overflow=&#8220;visible&#8220; overlay_strength=&#8220;0.3&#8243; gradient_direction=&#8220;left_to_right&#8220; shape_divider_position=&#8220;bottom&#8220; bg_image_animation=&#8220;none&#8220; gradient_type=&#8220;default&#8220; shape_type=&#8220;&#8220;][vc_column column_padding=&#8220;no-extra-padding&#8220; column_padding_tablet=&#8220;inherit&#8220; column_padding_phone=&#8220;inherit&#8220; column_padding_position=&#8220;all&#8220; flex_gap_desktop=&#8220;10px&#8220;&#8230;<\/p>\n","protected":false},"author":1,"featured_media":0,"parent":0,"menu_order":0,"comment_status":"closed","ping_status":"closed","template":"","meta":{"inline_featured_image":false,"footnotes":""},"class_list":["post-3304","page","type-page","status-publish"],"_links":{"self":[{"href":"https:\/\/amonnprint.com\/de\/wp-json\/wp\/v2\/pages\/3304","targetHints":{"allow":["GET"]}}],"collection":[{"href":"https:\/\/amonnprint.com\/de\/wp-json\/wp\/v2\/pages"}],"about":[{"href":"https:\/\/amonnprint.com\/de\/wp-json\/wp\/v2\/types\/page"}],"author":[{"embeddable":true,"href":"https:\/\/amonnprint.com\/de\/wp-json\/wp\/v2\/users\/1"}],"replies":[{"embeddable":true,"href":"https:\/\/amonnprint.com\/de\/wp-json\/wp\/v2\/comments?post=3304"}],"version-history":[{"count":3,"href":"https:\/\/amonnprint.com\/de\/wp-json\/wp\/v2\/pages\/3304\/revisions"}],"predecessor-version":[{"id":3307,"href":"https:\/\/amonnprint.com\/de\/wp-json\/wp\/v2\/pages\/3304\/revisions\/3307"}],"wp:attachment":[{"href":"https:\/\/amonnprint.com\/de\/wp-json\/wp\/v2\/media?parent=3304"}],"curies":[{"name":"wp","href":"https:\/\/api.w.org\/{rel}","templated":true}]}}